{"id":16187,"date":"2025-04-07T12:00:34","date_gmt":"2025-04-07T12:00:34","guid":{"rendered":"https:\/\/www.giadahotel.com\/hotel-in-abruzzo-vicino-al-mare\/"},"modified":"2026-02-23T10:57:48","modified_gmt":"2026-02-23T10:57:48","slug":"hotel-en-abruzzes-pres-de-la-mer","status":"publish","type":"page","link":"https:\/\/www.giadahotel.com\/fr\/hotel-en-abruzzes-pres-de-la-mer\/","title":{"rendered":"Contacts"},"content":{"rendered":"<div class=\"wpb-content-wrapper\"><p>[vc_row full_width=&#8221;stretch_row_content_no_spaces&#8221; css=&#8221;.vc_custom_1744621592618{margin-top: 0px !important;margin-right: 0px !important;margin-bottom: 0px !important;margin-left: 0px !important;padding-top: 0px !important;padding-right: 0px !important;padding-bottom: 0px !important;padding-left: 0px !important;}&#8221;][vc_column]<!--================ Google Map ================-->\n<script>\n\t(function($){\n\t\t'use strict';\n\t\tif(!$) return;\n\n\t\t$(function(){\n\t\t\tvar $container = $('#vc-milenia-panels-c6ada0ad2856e3511b278c7baab35960-17756895862137394899');\n\t\t\tif( !$container.length || !window.Milenia ) return;\n\n\t\t\tif(window.appear) {\n                appear({\n                    elements: function(){\n                        return document.querySelectorAll('#vc-milenia-panels-c6ada0ad2856e3511b278c7baab35960-17756895862137394899');\n                    },\n                    appear: function(element) {\n                        var $el = $(element);\n                        $el.addClass('milenia-visible').addClass($el.data('animation'));\n                    },\n                    reappear: false,\n                    bounds: -200\n                });\n            }\n\n\t\t\t\/\/ Initialize googleMaps module after updating a container on the page\n\t\t\tif( window.Milenia.modules && window.Milenia.modules.googleMaps ) {\n\t\t\t\twindow.Milenia.modules.googleMaps.init( $container.filter( function(index, element){\n\t\t\t\t\treturn !$(element).data('Maplace');\n\t\t\t\t} ) );\n\t\t\t}\n\t\t});\n\t})(window.jQuery);\n<\/script>\n <div id=\"vc-milenia-panels-c6ada0ad2856e3511b278c7baab35960-17756895862137394899\"\n      class=\"milenia-gmap \"\n      data-locations='[{\"lat\":\"42.51714885824061\",\"lon\":\"14.160757040285397\",\"icon\":false,\"title\":\"Hotel City - Viale Europa, 77 - 65015 Montesilvano (PE)\"}]'\n      data-map-options='{\"zoom\":17,\"scrollwheel\":false}'\n      data-animation=\"\"\n\t  data-css-row=\"#vc-milenia-panels-c6ada0ad2856e3511b278c7baab35960-17756895862137394899{width:100%;height:500px;}\"><\/div>\n<!--================ End of Google Map ================-->\n[\/vc_column][\/vc_row][vc_row full_width=&#8221;stretch_row&#8221; content_placement=&#8221;middle&#8221; css=&#8221;.vc_custom_1744621908148{margin-top: 0px !important;margin-bottom: 0px !important;padding-top: 0px !important;padding-bottom: 0px !important;}&#8221;][vc_column el_class=&#8221;milenia-color&#8211;black&#8221; css=&#8221;.vc_custom_1744621895539{margin-top: 0px !important;margin-bottom: 0px !important;padding-top: 0px !important;padding-bottom: 0px !important;}&#8221;][vc_empty_space height=&#8221;50px&#8221;]<!--================ Icon Boxes ================-->\n<script>\n    (function($){\n        'use strict';\n\n        if(!$) return;\n\n        $(function(){\n            var $container = $('#vc-milenia-info-boxes-67935205d7b299abcd6c7f20e41e0596-17756895861959002766');\n\n            if(!$container.length) return;\n\n            if(window.appear) {\n                appear({\n                    elements: function(){\n                        return document.querySelectorAll('#vc-milenia-info-boxes-67935205d7b299abcd6c7f20e41e0596-17756895861959002766');\n                    },\n                    appear: function(element) {\n                        var $el = $(element);\n                        $el.addClass('milenia-visible').addClass($el.data('animation'));\n                    },\n                    reappear: false,\n                    bounds: -200\n                });\n            }\n\n            if(window.Milenia && window.Milenia.LinkUnderliner) {\n                window.Milenia.LinkUnderliner.init($container.find('a'));\n            }\n        });\n    })(window.jQuery);\n<\/script>\n\n<div id=\"vc-milenia-info-boxes-67935205d7b299abcd6c7f20e41e0596-17756895861959002766\" class=\"milenia-icon-boxes milenia-icon-boxes--style-3 milenia-visible\" data-animation=\"none\">\n    <div class=\"milenia-grid milenia-grid--cols-4\">\n        <!--================ Icon Box ================-->\n<div class=\"milenia-grid-item\">\n    <article class=\"milenia-icon-box milenia-aligner\" style=\"color: #858585;\">\n        <div class=\"milenia-aligner-outer\">\n            <div class=\"milenia-aligner-inner\">\n                <span class=\"milenia-icon-box-icon milenia-font-icon-location\"><\/span>\n\n                <div class=\"milenia-icon-box-content\">\n                    <h2 class=\"milenia-icon-box-title\" style=\"color: #33879E;\">Adresse<\/h2>\n                    <p>Viale Europa, 77<br \/>\n65015 Montesilvano (PE)<\/p>\n\n                <\/div>\n            <\/div>\n        <\/div>\n\n        \n    <\/article>\n<\/div>\n<!--================ Icon Box ================-->\n\r\n<!--================ Icon Box ================-->\n<div class=\"milenia-grid-item\">\n    <article class=\"milenia-icon-box milenia-aligner\" style=\"color: #858585;\">\n        <div class=\"milenia-aligner-outer\">\n            <div class=\"milenia-aligner-inner\">\n                <span class=\"milenia-icon-box-icon milenia-font-icon-phone\"><\/span>\n\n                <div class=\"milenia-icon-box-content\">\n                    <h2 class=\"milenia-icon-box-title\" style=\"color: #33879E;\">Contacts<\/h2>\n                    <p>Tel. 085 4452468 |  085 4453227<\/p>\n\n                <\/div>\n            <\/div>\n        <\/div>\n\n        \n    <\/article>\n<\/div>\n<!--================ Icon Box ================-->\n\r\n<!--================ Icon Box ================-->\n<div class=\"milenia-grid-item\">\n    <article class=\"milenia-icon-box milenia-aligner\" style=\"color: #858585;\">\n        <div class=\"milenia-aligner-outer\">\n            <div class=\"milenia-aligner-inner\">\n                <span class=\"milenia-icon-box-icon milenia-font-icon-cards\"><\/span>\n\n                <div class=\"milenia-icon-box-content\">\n                    <h2 class=\"milenia-icon-box-title\" style=\"color: #33879E;\"><a href=\"mailto:info@hotelcityabruzzo.com\">Mail<\/a><\/h2>\n                    <p>info@hotelcityabruzzo.com<\/p>\n\n                <\/div>\n            <\/div>\n        <\/div>\n\n        \n    <\/article>\n<\/div>\n<!--================ Icon Box ================-->\n\r\n<!--================ Icon Box ================-->\n<div class=\"milenia-grid-item\">\n    <article class=\"milenia-icon-box milenia-aligner\" style=\"color: #858585;\">\n        <div class=\"milenia-aligner-outer\">\n            <div class=\"milenia-aligner-inner\">\n                <span class=\"milenia-icon-box-icon milenia-font-icon-paper-pencil\"><\/span>\n\n                <div class=\"milenia-icon-box-content\">\n                    <h2 class=\"milenia-icon-box-title\" style=\"color: #33879E;\"><a href=\"https:\/\/www.hotelcityabruzzo.com\/fr\/demander-un-devis\/\" title=\"Demander un devis\">Demander un devis<\/a><\/h2>\n                    \n                <\/div>\n            <\/div>\n        <\/div>\n\n        \n    <\/article>\n<\/div>\n<!--================ Icon Box ================-->\n\n    <\/div>\n<\/div>\n<!--================ Icon Boxes ================-->\n[vc_empty_space height=&#8221;50px&#8221;][\/vc_column][\/vc_row][vc_row full_width=&#8221;stretch_row&#8221; content_placement=&#8221;middle&#8221; css=&#8221;.vc_custom_1744621828572{margin-bottom: 30px !important;background-color: #E6E6E6 !important;}&#8221;][vc_column el_class=&#8221;milenia-color&#8211;black&#8221;]<!--================ Section Heading ================-->\n<script>\n    (function($){\n        'use strict';\n\n        if(!$) return;\n\n        $(function(){\n            if(window.appear) {\n                appear({\n                    elements: function(){\n                        return document.querySelectorAll('#vc-milenia-section-heading-693e5dba809709347018143d1e7fe37a-1775689586434632645');\n                    },\n                    appear: function(element) {\n                        var $el = $(element);\n                        $el.addClass('milenia-visible').addClass($el.data('animation'));\n                    },\n                    reappear: false,\n                    bounds: -200\n                });\n            }\n        });\n    })(window.jQuery);\n<\/script>\n<div id=\"vc-milenia-section-heading-693e5dba809709347018143d1e7fe37a-1775689586434632645\" class=\"milenia-section-heading text-left vc_custom_1771844157357 milenia-visible\" data-animation=\"none\">\n    \n    <h2 class=\"milenia-section-title milenia-font--first-accented\" style=\"font-size: 50px;line-height: 43px;text-transform: none;font-style: normal;font-weight: 400;\">Comment arriver<\/h2>\n\n    \n<\/div>\n<!--================ End of Section Heading ================-->\n[vc_empty_space height=&#8221;50px&#8221;][vc_toggle title=&#8221;En Voiture&#8221; css=&#8221;&#8221;]<\/p>\n<div class=\"Y3BBE\" data-sfc-cp=\"\" data-hveid=\"CAEIEBAA\" data-processed=\"true\">Depuis la sortie d&#8217;autoroute Pescara Nord \u2013 Citt\u00e0 Sant&#8217;Angelo (A14), suivez ces indications :<button class=\"rBl3me\" tabindex=\"0\" data-amic=\"true\" data-icl-uuid=\"b9d475bc-06b7-469c-9f7c-ee15a1a5167f\" aria-label=\"Visualizza link correlati\" data-wiz-attrbind=\"disabled=s1Jjwe_2z\/C5gNJc;aria-label=s1Jjwe_2z\/bOjMyf;class=s1Jjwe_2z\/UpSNec\" data-ved=\"2ahUKEwicgOShtO-SAxXig_0HHYFjFbMQye0OegYIAQgQEAE\"><\/button><\/div>\n<ul class=\"KsbFXc U6u95\" data-processed=\"true\">\n<li data-hveid=\"CAEIERAA\" data-sae=\"\"><span class=\"T286Pc\" data-sfc-cp=\"\">Apr\u00e8s la sortie, tournez \u00e0 gauche sur la SP2\/Viale 22 Maggio 1944<\/span><\/li>\n<li data-hveid=\"CAEIERAB\" data-sae=\"\"><span class=\"T286Pc\" data-sfc-cp=\"\">Continuez tout droit puis tournez \u00e0 droite sur Via Saline\/SS16<\/span><\/li>\n<li data-hveid=\"CAEIERAC\" data-sae=\"\"><span class=\"T286Pc\" data-sfc-cp=\"\">Continuez sur la SS16 jusqu&#8217;\u00e0 Viale Aldo Moro<\/span><\/li>\n<li data-hveid=\"CAEIERAD\" data-sae=\"\"><span class=\"T286Pc\" data-sfc-cp=\"\">Tournez \u00e0 gauche sur Viale Aldo Moro<\/span><\/li>\n<li data-hveid=\"CAEIERAD\" data-sae=\"\"><span class=\"T286Pc\" data-sfc-cp=\"\" aria-owns=\"action-menu-parent-container\">Enfin, tournez \u00e0 droite sur Viale Europa : l&#8217;H\u00f4tel City se trouve au num\u00e9ro 77<\/span><\/li>\n<\/ul>\n<p>[\/vc_toggle][vc_toggle title=&#8221;Par les transports en commun&#8221; css=&#8221;&#8221;]<\/p>\n<div class=\"Y3BBE\" data-sfc-cp=\"\" data-hveid=\"CAEIEhAA\" data-processed=\"true\">Si vous pr\u00e9f\u00e9rez les transports en commun, vous pouvez prendre un train de Pescara Centrale \u00e0 Montesilvano (environ 6 minutes).<br data-serialized-params=\"[]\" \/>Alternativement, les bus TUA relient Pescara \u00e0 Montesilvano in environ 21 minutes.<button class=\"rBl3me\" tabindex=\"0\" data-amic=\"true\" data-icl-uuid=\"568646c3-bdbd-4a66-9c64-0fce514caea0\" aria-label=\"Visualizza link correlati\" data-wiz-attrbind=\"disabled=s1Jjwe_3k\/C5gNJc;aria-label=s1Jjwe_3k\/bOjMyf;class=s1Jjwe_3k\/UpSNec\" data-ved=\"2ahUKEwicgOShtO-SAxXig_0HHYFjFbMQye0OegYIAQgSEAE\"><\/button><\/div>\n<div class=\"Fsg96\" data-sfc-cp=\"\" data-processed=\"true\"><\/div>\n<hr class=\"j3tEEe\" data-serialized-params=\"[]\" data-sae=\"\" \/>\n<p>[\/vc_toggle][\/vc_column][\/vc_row]<\/p>\n<\/div>","protected":false},"excerpt":{"rendered":"<p>[vc_row full_width=&#8221;stretch_row_content_no_spaces&#8221; css=&#8221;.vc_custom_1744621592618{margin-top: 0px !important;margin-right: 0px !important;margin-bottom: 0px !important;margin-left: 0px !important;padding-top: 0px !important;padding-right: 0px !important;padding-bottom: 0px !important;padding-left: 0px&#8230;<\/p>\n","protected":false},"author":2,"featured_media":0,"parent":0,"menu_order":0,"comment_status":"closed","ping_status":"closed","template":"","meta":{"footnotes":""},"class_list":["post-16187","page","type-page","status-publish","hentry"],"yoast_head":"<!-- This site is optimized with the Yoast SEO plugin v27.3 - https:\/\/yoast.com\/product\/yoast-seo-wordpress\/ -->\n<title>H\u00f4tel dans les Abruzzes pr\u00e8s de la mer | Hotel City Abruzzo<\/title>\n<meta name=\"description\" content=\"H\u00f4tel dans les Abruzzes pr\u00e8s de la mer : l&#039;H\u00f4tel City, avec son emplacement splendide \u00e0 50 m de la mer, est la destination id\u00e9ale pour les touristes ou les voyageurs d&#039;affaires\" \/>\n<meta name=\"robots\" content=\"index, follow, max-snippet:-1, max-image-preview:large, max-video-preview:-1\" \/>\n<link rel=\"canonical\" href=\"https:\/\/www.giadahotel.com\/fr\/hotel-en-abruzzes-pres-de-la-mer\/\" \/>\n<meta property=\"og:locale\" content=\"fr_FR\" \/>\n<meta property=\"og:type\" content=\"article\" \/>\n<meta property=\"og:title\" content=\"H\u00f4tel dans les Abruzzes pr\u00e8s de la mer | Hotel City Abruzzo\" \/>\n<meta property=\"og:description\" content=\"H\u00f4tel dans les Abruzzes pr\u00e8s de la mer : l&#039;H\u00f4tel City, avec son emplacement splendide \u00e0 50 m de la mer, est la destination id\u00e9ale pour les touristes ou les voyageurs d&#039;affaires\" \/>\n<meta property=\"og:url\" content=\"https:\/\/www.giadahotel.com\/fr\/hotel-en-abruzzes-pres-de-la-mer\/\" \/>\n<meta property=\"og:site_name\" content=\"Hotel Giada\" \/>\n<meta property=\"article:publisher\" content=\"https:\/\/www.facebook.com\/HotelGiadaSM\" \/>\n<meta property=\"article:modified_time\" content=\"2026-02-23T10:57:48+00:00\" \/>\n<meta name=\"twitter:card\" content=\"summary_large_image\" \/>\n<meta name=\"twitter:label1\" content=\"Dur\u00e9e de lecture estim\u00e9e\" \/>\n\t<meta name=\"twitter:data1\" content=\"1 minute\" \/>\n<script type=\"application\/ld+json\" class=\"yoast-schema-graph\">{\"@context\":\"https:\\\/\\\/schema.org\",\"@graph\":[{\"@type\":\"WebPage\",\"@id\":\"https:\\\/\\\/www.giadahotel.com\\\/fr\\\/hotel-en-abruzzes-pres-de-la-mer\\\/\",\"url\":\"https:\\\/\\\/www.giadahotel.com\\\/fr\\\/hotel-en-abruzzes-pres-de-la-mer\\\/\",\"name\":\"H\u00f4tel dans les Abruzzes pr\u00e8s de la mer | Hotel City Abruzzo\",\"isPartOf\":{\"@id\":\"https:\\\/\\\/www.giadahotel.com\\\/fr\\\/#website\"},\"datePublished\":\"2025-04-07T12:00:34+00:00\",\"dateModified\":\"2026-02-23T10:57:48+00:00\",\"description\":\"H\u00f4tel dans les Abruzzes pr\u00e8s de la mer : l'H\u00f4tel City, avec son emplacement splendide \u00e0 50 m de la mer, est la destination id\u00e9ale pour les touristes ou les voyageurs d'affaires\",\"breadcrumb\":{\"@id\":\"https:\\\/\\\/www.giadahotel.com\\\/fr\\\/hotel-en-abruzzes-pres-de-la-mer\\\/#breadcrumb\"},\"inLanguage\":\"fr-FR\",\"potentialAction\":[{\"@type\":\"ReadAction\",\"target\":[\"https:\\\/\\\/www.giadahotel.com\\\/fr\\\/hotel-en-abruzzes-pres-de-la-mer\\\/\"]}]},{\"@type\":\"BreadcrumbList\",\"@id\":\"https:\\\/\\\/www.giadahotel.com\\\/fr\\\/hotel-en-abruzzes-pres-de-la-mer\\\/#breadcrumb\",\"itemListElement\":[{\"@type\":\"ListItem\",\"position\":1,\"name\":\"Home\",\"item\":\"https:\\\/\\\/www.giadahotel.com\\\/fr\\\/\"},{\"@type\":\"ListItem\",\"position\":2,\"name\":\"Contacts\"}]},{\"@type\":\"WebSite\",\"@id\":\"https:\\\/\\\/www.giadahotel.com\\\/fr\\\/#website\",\"url\":\"https:\\\/\\\/www.giadahotel.com\\\/fr\\\/\",\"name\":\"Hotel Giada\",\"description\":\"La Tua Vacanza a Silvi Marina\",\"publisher\":{\"@id\":\"https:\\\/\\\/www.giadahotel.com\\\/fr\\\/#organization\"},\"potentialAction\":[{\"@type\":\"SearchAction\",\"target\":{\"@type\":\"EntryPoint\",\"urlTemplate\":\"https:\\\/\\\/www.giadahotel.com\\\/fr\\\/?s={search_term_string}\"},\"query-input\":{\"@type\":\"PropertyValueSpecification\",\"valueRequired\":true,\"valueName\":\"search_term_string\"}}],\"inLanguage\":\"fr-FR\"},{\"@type\":\"Organization\",\"@id\":\"https:\\\/\\\/www.giadahotel.com\\\/fr\\\/#organization\",\"name\":\"Hotel Giada\",\"url\":\"https:\\\/\\\/www.giadahotel.com\\\/fr\\\/\",\"logo\":{\"@type\":\"ImageObject\",\"inLanguage\":\"fr-FR\",\"@id\":\"https:\\\/\\\/www.giadahotel.com\\\/fr\\\/#\\\/schema\\\/logo\\\/image\\\/\",\"url\":\"https:\\\/\\\/www.giadahotel.com\\\/wp-content\\\/uploads\\\/2018\\\/10\\\/LOGO-GIADA-ORIZ-AZZURRO.svg\",\"contentUrl\":\"https:\\\/\\\/www.giadahotel.com\\\/wp-content\\\/uploads\\\/2018\\\/10\\\/LOGO-GIADA-ORIZ-AZZURRO.svg\",\"width\":1,\"height\":1,\"caption\":\"Hotel Giada\"},\"image\":{\"@id\":\"https:\\\/\\\/www.giadahotel.com\\\/fr\\\/#\\\/schema\\\/logo\\\/image\\\/\"},\"sameAs\":[\"https:\\\/\\\/www.facebook.com\\\/HotelGiadaSM\",\"https:\\\/\\\/www.instagram.com\\\/hotel_giada\\\/\"]}]}<\/script>\n<!-- \/ Yoast SEO plugin. -->","yoast_head_json":{"title":"H\u00f4tel dans les Abruzzes pr\u00e8s de la mer | Hotel City Abruzzo","description":"H\u00f4tel dans les Abruzzes pr\u00e8s de la mer : l'H\u00f4tel City, avec son emplacement splendide \u00e0 50 m de la mer, est la destination id\u00e9ale pour les touristes ou les voyageurs d'affaires","robots":{"index":"index","follow":"follow","max-snippet":"max-snippet:-1","max-image-preview":"max-image-preview:large","max-video-preview":"max-video-preview:-1"},"canonical":"https:\/\/www.giadahotel.com\/fr\/hotel-en-abruzzes-pres-de-la-mer\/","og_locale":"fr_FR","og_type":"article","og_title":"H\u00f4tel dans les Abruzzes pr\u00e8s de la mer | Hotel City Abruzzo","og_description":"H\u00f4tel dans les Abruzzes pr\u00e8s de la mer : l'H\u00f4tel City, avec son emplacement splendide \u00e0 50 m de la mer, est la destination id\u00e9ale pour les touristes ou les voyageurs d'affaires","og_url":"https:\/\/www.giadahotel.com\/fr\/hotel-en-abruzzes-pres-de-la-mer\/","og_site_name":"Hotel Giada","article_publisher":"https:\/\/www.facebook.com\/HotelGiadaSM","article_modified_time":"2026-02-23T10:57:48+00:00","twitter_card":"summary_large_image","twitter_misc":{"Dur\u00e9e de lecture estim\u00e9e":"1 minute"},"schema":{"@context":"https:\/\/schema.org","@graph":[{"@type":"WebPage","@id":"https:\/\/www.giadahotel.com\/fr\/hotel-en-abruzzes-pres-de-la-mer\/","url":"https:\/\/www.giadahotel.com\/fr\/hotel-en-abruzzes-pres-de-la-mer\/","name":"H\u00f4tel dans les Abruzzes pr\u00e8s de la mer | Hotel City Abruzzo","isPartOf":{"@id":"https:\/\/www.giadahotel.com\/fr\/#website"},"datePublished":"2025-04-07T12:00:34+00:00","dateModified":"2026-02-23T10:57:48+00:00","description":"H\u00f4tel dans les Abruzzes pr\u00e8s de la mer : l'H\u00f4tel City, avec son emplacement splendide \u00e0 50 m de la mer, est la destination id\u00e9ale pour les touristes ou les voyageurs d'affaires","breadcrumb":{"@id":"https:\/\/www.giadahotel.com\/fr\/hotel-en-abruzzes-pres-de-la-mer\/#breadcrumb"},"inLanguage":"fr-FR","potentialAction":[{"@type":"ReadAction","target":["https:\/\/www.giadahotel.com\/fr\/hotel-en-abruzzes-pres-de-la-mer\/"]}]},{"@type":"BreadcrumbList","@id":"https:\/\/www.giadahotel.com\/fr\/hotel-en-abruzzes-pres-de-la-mer\/#breadcrumb","itemListElement":[{"@type":"ListItem","position":1,"name":"Home","item":"https:\/\/www.giadahotel.com\/fr\/"},{"@type":"ListItem","position":2,"name":"Contacts"}]},{"@type":"WebSite","@id":"https:\/\/www.giadahotel.com\/fr\/#website","url":"https:\/\/www.giadahotel.com\/fr\/","name":"Hotel Giada","description":"La Tua Vacanza a Silvi Marina","publisher":{"@id":"https:\/\/www.giadahotel.com\/fr\/#organization"},"potentialAction":[{"@type":"SearchAction","target":{"@type":"EntryPoint","urlTemplate":"https:\/\/www.giadahotel.com\/fr\/?s={search_term_string}"},"query-input":{"@type":"PropertyValueSpecification","valueRequired":true,"valueName":"search_term_string"}}],"inLanguage":"fr-FR"},{"@type":"Organization","@id":"https:\/\/www.giadahotel.com\/fr\/#organization","name":"Hotel Giada","url":"https:\/\/www.giadahotel.com\/fr\/","logo":{"@type":"ImageObject","inLanguage":"fr-FR","@id":"https:\/\/www.giadahotel.com\/fr\/#\/schema\/logo\/image\/","url":"https:\/\/www.giadahotel.com\/wp-content\/uploads\/2018\/10\/LOGO-GIADA-ORIZ-AZZURRO.svg","contentUrl":"https:\/\/www.giadahotel.com\/wp-content\/uploads\/2018\/10\/LOGO-GIADA-ORIZ-AZZURRO.svg","width":1,"height":1,"caption":"Hotel Giada"},"image":{"@id":"https:\/\/www.giadahotel.com\/fr\/#\/schema\/logo\/image\/"},"sameAs":["https:\/\/www.facebook.com\/HotelGiadaSM","https:\/\/www.instagram.com\/hotel_giada\/"]}]}},"_links":{"self":[{"href":"https:\/\/www.giadahotel.com\/fr\/wp-json\/wp\/v2\/pages\/16187","targetHints":{"allow":["GET"]}}],"collection":[{"href":"https:\/\/www.giadahotel.com\/fr\/wp-json\/wp\/v2\/pages"}],"about":[{"href":"https:\/\/www.giadahotel.com\/fr\/wp-json\/wp\/v2\/types\/page"}],"author":[{"embeddable":true,"href":"https:\/\/www.giadahotel.com\/fr\/wp-json\/wp\/v2\/users\/2"}],"replies":[{"embeddable":true,"href":"https:\/\/www.giadahotel.com\/fr\/wp-json\/wp\/v2\/comments?post=16187"}],"version-history":[{"count":2,"href":"https:\/\/www.giadahotel.com\/fr\/wp-json\/wp\/v2\/pages\/16187\/revisions"}],"predecessor-version":[{"id":16194,"href":"https:\/\/www.giadahotel.com\/fr\/wp-json\/wp\/v2\/pages\/16187\/revisions\/16194"}],"wp:attachment":[{"href":"https:\/\/www.giadahotel.com\/fr\/wp-json\/wp\/v2\/media?parent=16187"}],"curies":[{"name":"wp","href":"https:\/\/api.w.org\/{rel}","templated":true}]}}